{"id":26053697,"date":"2025-03-28T17:06:03","date_gmt":"2025-03-28T17:06:03","guid":{"rendered":"https:\/\/c3-groups.com\/?page_id=26053697"},"modified":"2025-03-28T17:07:53","modified_gmt":"2025-03-28T17:07:53","slug":"garantier-och-villkor","status":"publish","type":"page","link":"https:\/\/c3-groups.com\/en\/garantier-och-villkor\/","title":{"rendered":"Garantier och villkor"},"content":{"rendered":"<p>[et_pb_section fb_built=&#8221;1&#8243; module_class=&#8221;craftcart flex hero&#8221; _builder_version=&#8221;4.27.4&#8243; _module_preset=&#8221;default&#8221; background_image=&#8221;<a href=\"https:\/\/c3-groups.com\/wp-content\/uploads\/2025\/03\/LOGGA_FORDON-4_3-2400X1800-1920&#215;1080.jpg&#038;#8221\">https:\/\/c3-groups.com\/wp-content\/uploads\/2025\/03\/LOGGA_FORDON-4_3-2400X1800-1920&#215;1080.jpg&#038;#8221<\/a>; global_colors_info=&#8221;{}&#8221;][et_pb_row _builder_version=&#8221;4.27.4&#8243; _module_preset=&#8221;default&#8221; global_colors_info=&#8221;{}&#8221;][et_pb_column type=&#8221;4_4&#8243; _builder_version=&#8221;4.27.4&#8243; _module_preset=&#8221;default&#8221; global_colors_info=&#8221;{}&#8221;][\/et_pb_column][\/et_pb_row][\/et_pb_section][et_pb_section fb_built=&#8221;1&#8243; module_class=&#8221;craftcart flex medium&#8221; _builder_version=&#8221;4.27.4&#8243; _module_preset=&#8221;default&#8221; locked=&#8221;off&#8221; global_colors_info=&#8221;{}&#8221;][et_pb_row _builder_version=&#8221;4.27.4&#8243; _module_preset=&#8221;default&#8221; global_colors_info=&#8221;{}&#8221;][et_pb_column type=&#8221;4_4&#8243; _builder_version=&#8221;4.27.4&#8243; _module_preset=&#8221;default&#8221; global_colors_info=&#8221;{}&#8221;][et_pb_text _builder_version=&#8221;4.27.4&#8243; _module_preset=&#8221;default&#8221; text_orientation=&#8221;justified&#8221; global_colors_info=&#8221;{}&#8221;]<\/p>\n<h3>v\u00e5r garanti<\/h3>\n<p>Att k\u00f6pa ett fordon fr\u00e5n CraftCart Company AB ska k\u00e4nnas tryggt \u2013 b\u00e5de idag och imorgon. Varje komponent i v\u00e5ra fordon \u00e4r tillverkad och testad f\u00f6r att h\u00e5lla l\u00e4nge och fungera problemfritt. Om det ov\u00e4ntade h\u00e4nder omfattas du ut\u00f6ver konsumentk\u00f6plagens 3 \u00e5rs skydd mot fabrikationsfel av v\u00e5rt egen CraftCart-garanti. Tv\u00e5 \u00e5rs skydd mot alla f\u00f6rslitningsskador som hindrar fordonets normala anv\u00e4ndning. Byte av eventuella komponenter samt tillkommande arbetskostnad st\u00e5r vi f\u00f6r<\/p>\n<p>[\/et_pb_text][\/et_pb_column][\/et_pb_row][\/et_pb_section][et_pb_section fb_built=&#8221;1&#8243; module_class=&#8221;craftcart&#8221; _builder_version=&#8221;4.27.4&#8243; _module_preset=&#8221;default&#8221; locked=&#8221;off&#8221; global_colors_info=&#8221;{}&#8221;][et_pb_row column_structure=&#8221;1_2,1_2&#8243; module_class=&#8221;grid grid-cols-2 gap-none p-none&#8221; _builder_version=&#8221;4.27.4&#8243; _module_preset=&#8221;default&#8221; global_colors_info=&#8221;{}&#8221;][et_pb_column type=&#8221;1_2&#8243; module_class=&#8221;image-column column-1&#8243; _builder_version=&#8221;4.27.4&#8243; _module_preset=&#8221;default&#8221; background_image=&#8221;<a href=\"https:\/\/c3-groups.com\/wp-content\/uploads\/2025\/03\/BAKHJUL-4_3-2400X1800.webp&#038;#8221\">https:\/\/c3-groups.com\/wp-content\/uploads\/2025\/03\/BAKHJUL-4_3-2400X1800.webp&#038;#8221<\/a>; global_colors_info=&#8221;{}&#8221;][et_pb_divider show_divider=&#8221;off&#8221; _builder_version=&#8221;4.27.4&#8243; _module_preset=&#8221;default&#8221; background_enable_image=&#8221;off&#8221; global_colors_info=&#8221;{}&#8221;][\/et_pb_divider][\/et_pb_column][et_pb_column type=&#8221;1_2&#8243; module_class=&#8221; column-2&#8243; _builder_version=&#8221;4.27.4&#8243; _module_preset=&#8221;default&#8221; global_colors_info=&#8221;{}&#8221;][et_pb_text _builder_version=&#8221;4.27.4&#8243; _module_preset=&#8221;default&#8221; global_colors_info=&#8221;{}&#8221;]<\/p>\n<h4>serviceavtal<\/h4>\n<p>N\u00e4r den ursprungliga garantin l\u00f6pt ut har du m\u00f6jlighet att f\u00f6rl\u00e4nga skyddet med ett serviceavtal som f\u00f6rnyas \u00e5rsvis. Avtalet inkluderar h\u00e4mtning av ditt fordon efter s\u00e4songen, vinterf\u00f6rvaring i uppv\u00e4rmd hall, underh\u00e5llsladdning, full rekonditionering och service \u2013 utan dolda kostnader. Det h\u00e4r \u00e4r ett helhetsuppl\u00e4gg framtaget f\u00f6r att ge dig ett fordon som alltid \u00e4r i toppskick och redo f\u00f6r nya \u00e4ventyr \u2013 b\u00e5de p\u00e5 land och vatten.<\/p>\n<p>[\/et_pb_text][\/et_pb_column][\/et_pb_row][et_pb_row column_structure=&#8221;1_2,1_2&#8243; module_class=&#8221;grid grid-cols-2 gap-none p-none&#8221; _builder_version=&#8221;4.27.4&#8243; _module_preset=&#8221;default&#8221; global_colors_info=&#8221;{}&#8221;][et_pb_column type=&#8221;1_2&#8243; module_class=&#8221; column-2&#8243; _builder_version=&#8221;4.27.4&#8243; _module_preset=&#8221;default&#8221; global_colors_info=&#8221;{}&#8221;][et_pb_text _builder_version=&#8221;4.27.4&#8243; _module_preset=&#8221;default&#8221; global_colors_info=&#8221;{}&#8221;]<\/p>\n<h4>Leveransvillkor<\/h4>\n<p>De flesta av v\u00e5ra fordon byggs p\u00e5 best\u00e4llning under h\u00f6sten f\u00f6r leverans f\u00f6ljande v\u00e5r. Detta ger dig som kund en unik m\u00f6jlighet att vara med p\u00e5 hela resan. Vi kommer under hela process uppdatera dig p\u00e5 hur statusen \u00e4r f\u00f6r ditt fordon samt ge dig m\u00f6jlighet att v\u00e4lja f\u00e4rg inredning och utrustning vid olika tidpunkter. Kan du inte v\u00e4nta finns det emellan\u00e5t lagerfordon tillg\u00e4ngliga. Dessa kan vara demofordon, nybyggda fordon eller testfordon &#8211; oavsett t\u00e4cks de av samma garantier och villkor som f\u00f6rbest\u00e4llda fordon. Kontakta oss f\u00f6r lagerstatus.[\/et_pb_text][\/et_pb_column][et_pb_column type=&#8221;1_2&#8243; module_class=&#8221;image-column column-1&#8243; _builder_version=&#8221;4.27.4&#8243; _module_preset=&#8221;default&#8221; background_image=&#8221;<a href=\"https:\/\/c3-groups.com\/wp-content\/uploads\/2025\/03\/GLASFIBER-4_3-2400X1800.jpg&#038;#8221\">https:\/\/c3-groups.com\/wp-content\/uploads\/2025\/03\/GLASFIBER-4_3-2400X1800.jpg&#038;#8221<\/a>; global_colors_info=&#8221;{}&#8221;][et_pb_divider show_divider=&#8221;off&#8221; _builder_version=&#8221;4.27.4&#8243; _module_preset=&#8221;default&#8221; background_enable_image=&#8221;off&#8221; global_colors_info=&#8221;{}&#8221;][\/et_pb_divider][\/et_pb_column][\/et_pb_row][\/et_pb_section][et_pb_section fb_built=&#8221;1&#8243; module_class=&#8221;craftcart&#8221; _builder_version=&#8221;4.27.4&#8243; _module_preset=&#8221;default&#8221; locked=&#8221;off&#8221; global_colors_info=&#8221;{}&#8221;][et_pb_row column_structure=&#8221;1_2,1_2&#8243; module_class=&#8221;grid grid-cols-2 gap-none p-none&#8221; _builder_version=&#8221;4.27.4&#8243; _module_preset=&#8221;default&#8221; global_colors_info=&#8221;{}&#8221;][et_pb_column type=&#8221;1_2&#8243; module_class=&#8221;image-column column-1&#8243; _builder_version=&#8221;4.27.4&#8243; _module_preset=&#8221;default&#8221; background_image=&#8221;<a href=\"https:\/\/c3-groups.com\/wp-content\/uploads\/2025\/03\/LOGGA_SHOWROOM-4_3-2400X1800-1.jpg&#038;#8221\">https:\/\/c3-groups.com\/wp-content\/uploads\/2025\/03\/LOGGA_SHOWROOM-4_3-2400X1800-1.jpg&#038;#8221<\/a>; global_colors_info=&#8221;{}&#8221;][et_pb_divider show_divider=&#8221;off&#8221; _builder_version=&#8221;4.27.4&#8243; _module_preset=&#8221;default&#8221; background_enable_image=&#8221;off&#8221; global_colors_info=&#8221;{}&#8221;][\/et_pb_divider][\/et_pb_column][et_pb_column type=&#8221;1_2&#8243; module_class=&#8221; column-2&#8243; _builder_version=&#8221;4.27.4&#8243; _module_preset=&#8221;default&#8221; global_colors_info=&#8221;{}&#8221;][et_pb_text _builder_version=&#8221;4.27.4&#8243; _module_preset=&#8221;default&#8221; locked=&#8221;off&#8221; global_colors_info=&#8221;{}&#8221;]<\/p>\n<h4>Betala i din takt<\/h4>\n<p>Vi vill g\u00f6ra det enkelt f\u00f6r dig att investera i ett fordon fr\u00e5n CraftCartCompany. D\u00e4rf\u00f6r erbjuder vi flexibla betalningsl\u00f6sningar som anpassas efter din situation \u2013 oavsett om du vill betala enligt v\u00e5r standardmodell i tre steg eller f\u00f6redrar att dela upp betalningen \u00f6ver tid. B\u00e5da alternativen \u00e4r framtagna f\u00f6r att ge dig maximal trygghet och kontroll.<\/p>\n<p>[\/et_pb_text][\/et_pb_column][\/et_pb_row][et_pb_row column_structure=&#8221;1_2,1_2&#8243; module_class=&#8221;grid grid-cols-2 gap-none p-none&#8221; _builder_version=&#8221;4.27.4&#8243; _module_preset=&#8221;default&#8221; global_colors_info=&#8221;{}&#8221;][et_pb_column type=&#8221;1_2&#8243; module_class=&#8221; column-2&#8243; _builder_version=&#8221;4.27.4&#8243; _module_preset=&#8221;default&#8221; global_colors_info=&#8221;{}&#8221;][et_pb_text _builder_version=&#8221;4.27.4&#8243; _module_preset=&#8221;default&#8221; global_colors_info=&#8221;{}&#8221;]<\/p>\n<h4>Standardbetalning<\/h4>\n<p>V\u00e5r standardmodell f\u00f6r betalning vid best\u00e4llning av fordon inneb\u00e4r att du betalar i tre tydliga steg, kopplade till fordonets produktionsfas:<br \/>\n\t\u2022\t30 % \u2013 erl\u00e4ggs innan produktionen startar<br \/>\n\t\u2022\t60 % \u2013 betalas innan fordonet ska lackeras<br \/>\n\t\u2022\t10 % \u2013 slutbetalning sker i samband med leverans<\/p>\n<p>Vid k\u00f6p av lagerfordon (demobilar, testfordon eller nyproducerade fordon f\u00f6r snabb leverans) g\u00e4ller f\u00f6ljande villkor:<br \/>\n\t\u2022\t30 % \u2013 vid best\u00e4llning<br \/>\n\t\u2022\t70 % \u2013 vid leverans<\/p>\n<p>Alla v\u00e5ra fordon \u2013 oavsett om de \u00e4r f\u00f6rbest\u00e4llda eller fr\u00e5n lager \u2013 genomg\u00e5r samma kvalitetskontroll och omfattas av samma garantivillkor.<\/p>\n<p>[\/et_pb_text][\/et_pb_column][et_pb_column type=&#8221;1_2&#8243; module_class=&#8221;image-column column-1&#8243; _builder_version=&#8221;4.27.4&#8243; _module_preset=&#8221;default&#8221; background_image=&#8221;<a href=\"https:\/\/c3-groups.com\/wp-content\/uploads\/2025\/03\/JOURNALIST-4_3-2400X1800.jpg&#038;#8221\">https:\/\/c3-groups.com\/wp-content\/uploads\/2025\/03\/JOURNALIST-4_3-2400X1800.jpg&#038;#8221<\/a>; global_colors_info=&#8221;{}&#8221;][et_pb_divider show_divider=&#8221;off&#8221; _builder_version=&#8221;4.27.4&#8243; _module_preset=&#8221;default&#8221; background_enable_image=&#8221;off&#8221; global_colors_info=&#8221;{}&#8221;][\/et_pb_divider][\/et_pb_column][\/et_pb_row][et_pb_row column_structure=&#8221;1_2,1_2&#8243; module_class=&#8221;grid grid-cols-2 gap-none p-none&#8221; _builder_version=&#8221;4.27.4&#8243; _module_preset=&#8221;default&#8221; global_colors_info=&#8221;{}&#8221;][et_pb_column type=&#8221;1_2&#8243; module_class=&#8221;image-column column-1&#8243; _builder_version=&#8221;4.27.4&#8243; _module_preset=&#8221;default&#8221; background_image=&#8221;<a href=\"https:\/\/c3-groups.com\/wp-content\/uploads\/2025\/03\/GLADA_MANNISKOR-4_3-2400X1800.jpg&#038;#8221\">https:\/\/c3-groups.com\/wp-content\/uploads\/2025\/03\/GLADA_MANNISKOR-4_3-2400X1800.jpg&#038;#8221<\/a>; global_colors_info=&#8221;{}&#8221;][et_pb_divider show_divider=&#8221;off&#8221; _builder_version=&#8221;4.27.4&#8243; _module_preset=&#8221;default&#8221; background_enable_image=&#8221;off&#8221; global_colors_info=&#8221;{}&#8221;][\/et_pb_divider][\/et_pb_column][et_pb_column type=&#8221;1_2&#8243; module_class=&#8221; column-2&#8243; _builder_version=&#8221;4.27.4&#8243; _module_preset=&#8221;default&#8221; global_colors_info=&#8221;{}&#8221;][et_pb_text _builder_version=&#8221;4.27.4&#8243; _module_preset=&#8221;default&#8221; global_colors_info=&#8221;{}&#8221;]<\/p>\n<h4>Kostnadsfri delbetalning<\/h4>\n<p>Vill du ist\u00e4llet sprida ut din betalning \u00f6ver tid erbjuder vi en r\u00e4ntefri delbetalningsplan. Denna l\u00f6sning \u00e4r framtagen f\u00f6r att passa dig som vill ha f\u00f6ruts\u00e4gbar ekonomi utan extra kostnader men samtidigt inte vill betala en stor summa direkt: <br \/>\n\u2022 Du betalar en kontantinsats p\u00e5 30 % vid best\u00e4llning<br \/>\n\u2022 40 % av fordonets pris delas upp kostnadsfritt \u00f6ver 36 m\u00e5nader <br \/>\nEfter perioden kan du:<br \/>\n\u2022 l\u00f6sa ut fordonet genom att betala det eventuella restv\u00e4rdet, eller<br \/>\n\u2022 \u00e5terl\u00e4mna fordonet till oss \u2013 f\u00f6rutsatt att det inte utsatts f\u00f6r onormalt slitage[\/et_pb_text][\/et_pb_column][\/et_pb_row][\/et_pb_section][et_pb_section fb_built=&#8221;1&#8243; module_class=&#8221;craftcart&#8221; _builder_version=&#8221;4.27.4&#8243; _module_preset=&#8221;default&#8221; locked=&#8221;off&#8221; global_colors_info=&#8221;{}&#8221;][\/et_pb_section]<\/p>\n","protected":false},"excerpt":{"rendered":"<p>v\u00e5r garanti Att k\u00f6pa ett fordon fr\u00e5n CraftCart Company AB ska k\u00e4nnas tryggt \u2013 b\u00e5de idag och imorgon. Varje komponent i v\u00e5ra fordon \u00e4r tillverkad och testad f\u00f6r att h\u00e5lla l\u00e4nge och fungera problemfritt. Om det ov\u00e4ntade h\u00e4nder omfattas du ut\u00f6ver konsumentk\u00f6plagens 3 \u00e5rs skydd mot fabrikationsfel av v\u00e5rt egen CraftCart-garanti. Tv\u00e5 \u00e5rs skydd mot [&hellip;]<\/p>\n","protected":false},"author":221837046,"featured_media":0,"parent":0,"menu_order":0,"comment_status":"closed","ping_status":"closed","template":"","meta":{"_et_pb_use_builder":"on","_et_pb_old_content":"","_et_gb_content_width":"","advanced_seo_description":"","jetpack_seo_html_title":"","jetpack_seo_noindex":false,"footnotes":""},"difl_page_category":[],"class_list":["post-26053697","page","type-page","status-publish","hentry"],"jetpack_sharing_enabled":true,"jetpack_shortlink":"https:\/\/wp.me\/Pe0n6s-1LjKV","_links":{"self":[{"href":"https:\/\/c3-groups.com\/en\/wp-json\/wp\/v2\/pages\/26053697","targetHints":{"allow":["GET"]}}],"collection":[{"href":"https:\/\/c3-groups.com\/en\/wp-json\/wp\/v2\/pages"}],"about":[{"href":"https:\/\/c3-groups.com\/en\/wp-json\/wp\/v2\/types\/page"}],"author":[{"embeddable":true,"href":"https:\/\/c3-groups.com\/en\/wp-json\/wp\/v2\/users\/221837046"}],"replies":[{"embeddable":true,"href":"https:\/\/c3-groups.com\/en\/wp-json\/wp\/v2\/comments?post=26053697"}],"version-history":[{"count":0,"href":"https:\/\/c3-groups.com\/en\/wp-json\/wp\/v2\/pages\/26053697\/revisions"}],"wp:attachment":[{"href":"https:\/\/c3-groups.com\/en\/wp-json\/wp\/v2\/media?parent=26053697"}],"wp:term":[{"taxonomy":"difl_page_category","embeddable":true,"href":"https:\/\/c3-groups.com\/en\/wp-json\/wp\/v2\/difl_page_category?post=26053697"}],"curies":[{"name":"wp","href":"https:\/\/api.w.org\/{rel}","templated":true}]}}